{"id":1631,"date":"2026-04-22T09:07:16","date_gmt":"2026-04-22T08:07:16","guid":{"rendered":"https:\/\/kiekebusch.de\/?page_id=1631"},"modified":"2026-04-22T09:09:34","modified_gmt":"2026-04-22T08:09:34","slug":"ortsbeirat","status":"publish","type":"page","link":"https:\/\/kiekebusch.de\/index.php\/ortsbeirat\/","title":{"rendered":"Ortsbeirat"},"content":{"rendered":"\t\t<div data-elementor-type=\"wp-page\" data-elementor-id=\"1631\" class=\"elementor elementor-1631\" data-elementor-settings=\"{&quot;element_pack_global_tooltip_width&quot;:{&quot;unit&quot;:&quot;px&quot;,&quot;size&quot;:&quot;&quot;,&quot;sizes&quot;:[]},&quot;element_pack_global_tooltip_width_tablet&quot;:{&quot;unit&quot;:&quot;px&quot;,&quot;size&quot;:&quot;&quot;,&quot;sizes&quot;:[]},&quot;element_pack_global_tooltip_width_mobile&quot;:{&quot;unit&quot;:&quot;px&quot;,&quot;size&quot;:&quot;&quot;,&quot;sizes&quot;:[]},&quot;element_pack_global_tooltip_padding&quot;:{&quot;unit&quot;:&quot;px&quot;,&quot;top&quot;:&quot;&quot;,&quot;right&quot;:&quot;&quot;,&quot;bottom&quot;:&quot;&quot;,&quot;left&quot;:&quot;&quot;,&quot;isLinked&quot;:true},&quot;element_pack_global_tooltip_padding_tablet&quot;:{&quot;unit&quot;:&quot;px&quot;,&quot;top&quot;:&quot;&quot;,&quot;right&quot;:&quot;&quot;,&quot;bottom&quot;:&quot;&quot;,&quot;left&quot;:&quot;&quot;,&quot;isLinked&quot;:true},&quot;element_pack_global_tooltip_padding_mobile&quot;:{&quot;unit&quot;:&quot;px&quot;,&quot;top&quot;:&quot;&quot;,&quot;right&quot;:&quot;&quot;,&quot;bottom&quot;:&quot;&quot;,&quot;left&quot;:&quot;&quot;,&quot;isLinked&quot;:true},&quot;element_pack_global_tooltip_border_radius&quot;:{&quot;unit&quot;:&quot;px&quot;,&quot;top&quot;:&quot;&quot;,&quot;right&quot;:&quot;&quot;,&quot;bottom&quot;:&quot;&quot;,&quot;left&quot;:&quot;&quot;,&quot;isLinked&quot;:true},&quot;element_pack_global_tooltip_border_radius_tablet&quot;:{&quot;unit&quot;:&quot;px&quot;,&quot;top&quot;:&quot;&quot;,&quot;right&quot;:&quot;&quot;,&quot;bottom&quot;:&quot;&quot;,&quot;left&quot;:&quot;&quot;,&quot;isLinked&quot;:true},&quot;element_pack_global_tooltip_border_radius_mobile&quot;:{&quot;unit&quot;:&quot;px&quot;,&quot;top&quot;:&quot;&quot;,&quot;right&quot;:&quot;&quot;,&quot;bottom&quot;:&quot;&quot;,&quot;left&quot;:&quot;&quot;,&quot;isLinked&quot;:true}}\" data-elementor-post-type=\"page\">\n\t\t\t\t<div class=\"elementor-element elementor-element-1f4ccf2 e-con-full e-flex e-con e-parent\" data-id=\"1f4ccf2\" data-element_type=\"container\" data-e-type=\"container\">\n\t\t<div class=\"elementor-element elementor-element-66b8b25 e-con-full e-flex e-con e-child\" data-id=\"66b8b25\" data-element_type=\"container\" data-e-type=\"container\">\n\t\t<div class=\"elementor-element elementor-element-a28298d e-grid e-con-full e-con e-child\" data-id=\"a28298d\" data-element_type=\"container\" data-e-type=\"container\" data-settings=\"{&quot;background_background&quot;:&quot;classic&quot;}\">\n\t\t\t\t<div class=\"elementor-element elementor-element-07273f7 elementor-widget elementor-widget-heading\" data-id=\"07273f7\" data-element_type=\"widget\" data-e-type=\"widget\" data-widget_type=\"heading.default\">\n\t\t\t\t\t<h1 class=\"elementor-heading-title elementor-size-default\">Ortsbeirat<\/h1>\t\t\t\t<\/div>\n\t\t\t\t<div class=\"elementor-element elementor-element-0ad498c elementor-widget__width-initial elementor-widget-mobile__width-inherit elementor-widget elementor-widget-text-editor\" data-id=\"0ad498c\" data-element_type=\"widget\" data-e-type=\"widget\" data-widget_type=\"text-editor.default\">\n\t\t\t\t\t\t\t\t\t<p><b>Der neue Ortsbeirat von Kiekebusch wurde gew\u00e4hlt<\/b><\/p><p>Am 09.06.2024 fand im Rahmen der Kommunalwahlen in Brandenburg auch die Wahl der Ortsbeir\u00e4te f\u00fcr die Stadt Cottbus statt.<\/p><p>F\u00fcr den Ortsteil Kiekebusch wurden in den Ortsbeirat gew\u00e4hlt:<br \/>Frau Manuela Urbschat<br \/>Frau Petra Bratke<br \/>Herr Bernd Schieske<br \/>Herr Jens K\u00e4kel<br \/>Herr Ralf Linse<\/p><p>In der konstituierenden Sitzung des OBR Kiekebusch wurde Frau Manuela Urbschat einstimmig als Ortsvorsteherin gew\u00e4hlt.<br \/>Die Stellvertretung \u00fcbernimmt Petra Bratke.<\/p><p>Wir w\u00fcnschen dem neuen Ortsbeirat viel Erfolg in seiner Arbeit.<\/p><p>Die\u00a0<b>Sprechzeiten\u00a0<\/b>des Ortsbeirates finden jeweils<br \/>am 1. und 3. Dienstag des Monats in der Zeit von 18 &#8211; 19 Uhr statt.<\/p>\t\t\t\t\t\t\t\t<\/div>\n\t\t\t\t<\/div>\n\t\t\t\t<\/div>\n\t\t<div class=\"elementor-element elementor-element-cc42f28 e-con-full e-flex e-con e-child\" data-id=\"cc42f28\" data-element_type=\"container\" data-e-type=\"container\" data-settings=\"{&quot;background_background&quot;:&quot;classic&quot;}\">\n\t\t\t\t<\/div>\n\t\t\t\t<\/div>\n\t\t\t\t<\/div>\n\t\t","protected":false},"excerpt":{"rendered":"<p>Ortsbeirat Der neue Ortsbeirat von Kiekebusch wurde gew\u00e4hlt Am 09.06.2024 fand im Rahmen der Kommunalwahlen in Brandenburg auch die Wahl der Ortsbeir\u00e4te f\u00fcr die Stadt Cottbus statt. F\u00fcr den Ortsteil Kiekebusch wurden in den Ortsbeirat gew\u00e4hlt:Frau Manuela UrbschatFrau Petra BratkeHerr Bernd SchieskeHerr Jens K\u00e4kelHerr Ralf Linse In der konstituierenden Sitzung des OBR Kiekebusch wurde Frau [&hellip;]<\/p>\n","protected":false},"author":1,"featured_media":0,"parent":0,"menu_order":0,"comment_status":"closed","ping_status":"closed","template":"","meta":{"footnotes":""},"class_list":["post-1631","page","type-page","status-publish","hentry"],"pr_seo":{"title":"","description":"","focus_keyword":"","secondary_keywords":"","noindex":"0","nofollow":"0","canonical":"","og_title":"","og_description":"","og_image":"","twitter_title":"","twitter_description":"","twitter_image":"","schema_type":"Article","schema_custom":"","is_cornerstone":"0","breadcrumb_title":"","robots_advanced":"","rating_enabled":"","rating_value":"5","rating_count":"1","rating_best":"5","rating_worst":"1"},"_links":{"self":[{"href":"https:\/\/kiekebusch.de\/index.php\/wp-json\/wp\/v2\/pages\/1631","targetHints":{"allow":["GET"]}}],"collection":[{"href":"https:\/\/kiekebusch.de\/index.php\/wp-json\/wp\/v2\/pages"}],"about":[{"href":"https:\/\/kiekebusch.de\/index.php\/wp-json\/wp\/v2\/types\/page"}],"author":[{"embeddable":true,"href":"https:\/\/kiekebusch.de\/index.php\/wp-json\/wp\/v2\/users\/1"}],"replies":[{"embeddable":true,"href":"https:\/\/kiekebusch.de\/index.php\/wp-json\/wp\/v2\/comments?post=1631"}],"version-history":[{"count":7,"href":"https:\/\/kiekebusch.de\/index.php\/wp-json\/wp\/v2\/pages\/1631\/revisions"}],"predecessor-version":[{"id":1639,"href":"https:\/\/kiekebusch.de\/index.php\/wp-json\/wp\/v2\/pages\/1631\/revisions\/1639"}],"wp:attachment":[{"href":"https:\/\/kiekebusch.de\/index.php\/wp-json\/wp\/v2\/media?parent=1631"}],"curies":[{"name":"wp","href":"https:\/\/api.w.org\/{rel}","templated":true}]}}